{"id":3316,"date":"2021-01-04T10:35:26","date_gmt":"2021-01-04T09:35:26","guid":{"rendered":"https:\/\/cortedelmincio.com\/galleria\/"},"modified":"2023-11-17T09:08:58","modified_gmt":"2023-11-17T08:08:58","slug":"gallery","status":"publish","type":"page","link":"https:\/\/cortedelmincio.com\/en\/gallery\/","title":{"rendered":"Gallery"},"content":{"rendered":"\t\t<div data-elementor-type=\"wp-page\" data-elementor-id=\"3316\" class=\"elementor elementor-3316 elementor-3133\">\n\t\t\t\t\t\t<section class=\"elementor-section elementor-top-section elementor-element elementor-element-3abe1d47 elementor-section-full_width elementor-section-height-min-height elementor-section-stretched elementor-section-height-default elementor-section-items-middle\" data-id=\"3abe1d47\" data-element_type=\"section\" data-settings=\"{&quot;background_background&quot;:&quot;video&quot;,&quot;stretch_section&quot;:&quot;section-stretched&quot;,&quot;background_video_start&quot;:10}\">\n\t\t\t\t\t\t\t<div class=\"elementor-background-overlay\"><\/div>\n\t\t\t\t\t\t\t<div class=\"elementor-container elementor-column-gap-default\">\n\t\t\t\t\t<div class=\"elementor-column elementor-col-100 elementor-top-column elementor-element elementor-element-2a0df04\" data-id=\"2a0df04\" data-element_type=\"column\">\n\t\t\t<div class=\"elementor-widget-wrap\">\n\t\t\t\t\t\t\t<\/div>\n\t\t<\/div>\n\t\t\t\t\t<\/div>\n\t\t<\/section>\n\t\t\t\t<section class=\"elementor-section elementor-top-section elementor-element elementor-element-02027dd elementor-section-boxed elementor-section-height-default elementor-section-height-default\" data-id=\"02027dd\" data-element_type=\"section\">\n\t\t\t\t\t\t<div class=\"elementor-container elementor-column-gap-default\">\n\t\t\t\t\t<div class=\"elementor-column elementor-col-100 elementor-top-column elementor-element elementor-element-37204ce\" data-id=\"37204ce\" data-element_type=\"column\">\n\t\t\t<div class=\"elementor-widget-wrap elementor-element-populated\">\n\t\t\t\t\t\t<div class=\"elementor-element elementor-element-30e9200 elementor-widget elementor-widget-heading\" data-id=\"30e9200\" data-element_type=\"widget\" data-widget_type=\"heading.default\">\n\t\t\t\t<div class=\"elementor-widget-container\">\n\t\t\t<h1 class=\"elementor-heading-title elementor-size-default\">Common areas<\/h1>\t\t<\/div>\n\t\t\t\t<\/div>\n\t\t\t\t<div class=\"elementor-element elementor-element-73db9ce elementor-pagination-position-outside elementor-widget elementor-widget-image-carousel\" data-id=\"73db9ce\" data-element_type=\"widget\" data-settings=\"{&quot;slides_to_show&quot;:&quot;2&quot;,&quot;navigation&quot;:&quot;dots&quot;,&quot;autoplay&quot;:&quot;yes&quot;,&quot;pause_on_hover&quot;:&quot;yes&quot;,&quot;pause_on_interaction&quot;:&quot;yes&quot;,&quot;autoplay_speed&quot;:5000,&quot;infinite&quot;:&quot;yes&quot;,&quot;speed&quot;:500,&quot;image_spacing_custom&quot;:{&quot;unit&quot;:&quot;px&quot;,&quot;size&quot;:20,&quot;sizes&quot;:[]},&quot;image_spacing_custom_tablet&quot;:{&quot;unit&quot;:&quot;px&quot;,&quot;size&quot;:&quot;&quot;,&quot;sizes&quot;:[]},&quot;image_spacing_custom_mobile&quot;:{&quot;unit&quot;:&quot;px&quot;,&quot;size&quot;:&quot;&quot;,&quot;sizes&quot;:[]}}\" data-widget_type=\"image-carousel.default\">\n\t\t\t\t<div class=\"elementor-widget-container\">\n\t\t\t\t\t<div class=\"elementor-image-carousel-wrapper swiper-container\" dir=\"ltr\">\n\t\t\t<div class=\"elementor-image-carousel swiper-wrapper\" aria-live=\"off\">\n\t\t\t\t\t\t\t\t<div class=\"swiper-slide\" role=\"group\" aria-roledescription=\"slide\" aria-label=\"1 of 15\"><figure class=\"swiper-slide-inner\"><img decoding=\"async\" class=\"swiper-slide-image\" src=\"https:\/\/cortedelmincio.com\/wp-content\/uploads\/2023\/11\/parti-comuni-81.jpg\" alt=\"parti comuni (81)\" \/><\/figure><\/div><div class=\"swiper-slide\" role=\"group\" aria-roledescription=\"slide\" aria-label=\"2 of 15\"><figure class=\"swiper-slide-inner\"><img decoding=\"async\" class=\"swiper-slide-image\" src=\"https:\/\/cortedelmincio.com\/wp-content\/uploads\/2023\/11\/parti-comuni-86.jpg\" alt=\"parti comuni (86)\" \/><\/figure><\/div><div class=\"swiper-slide\" role=\"group\" aria-roledescription=\"slide\" aria-label=\"3 of 15\"><figure class=\"swiper-slide-inner\"><img decoding=\"async\" class=\"swiper-slide-image\" src=\"https:\/\/cortedelmincio.com\/wp-content\/uploads\/2023\/11\/parti-comuni-89.jpg\" alt=\"parti comuni (89)\" \/><\/figure><\/div><div class=\"swiper-slide\" role=\"group\" aria-roledescription=\"slide\" aria-label=\"4 of 15\"><figure class=\"swiper-slide-inner\"><img decoding=\"async\" class=\"swiper-slide-image\" src=\"https:\/\/cortedelmincio.com\/wp-content\/uploads\/2023\/11\/parti-comuni-2.jpg\" alt=\"parti comuni (2)\" \/><\/figure><\/div><div class=\"swiper-slide\" role=\"group\" aria-roledescription=\"slide\" aria-label=\"5 of 15\"><figure class=\"swiper-slide-inner\"><img decoding=\"async\" class=\"swiper-slide-image\" src=\"https:\/\/cortedelmincio.com\/wp-content\/uploads\/2023\/11\/parti-comuni-6.jpg\" alt=\"parti comuni (6)\" \/><\/figure><\/div><div class=\"swiper-slide\" role=\"group\" aria-roledescription=\"slide\" aria-label=\"6 of 15\"><figure class=\"swiper-slide-inner\"><img decoding=\"async\" class=\"swiper-slide-image\" src=\"https:\/\/cortedelmincio.com\/wp-content\/uploads\/2023\/11\/parti-comuni-12.jpg\" alt=\"parti comuni (12)\" \/><\/figure><\/div><div class=\"swiper-slide\" role=\"group\" aria-roledescription=\"slide\" aria-label=\"7 of 15\"><figure class=\"swiper-slide-inner\"><img decoding=\"async\" class=\"swiper-slide-image\" src=\"https:\/\/cortedelmincio.com\/wp-content\/uploads\/2023\/11\/parti-comuni-20.jpg\" alt=\"parti comuni (20)\" \/><\/figure><\/div><div class=\"swiper-slide\" role=\"group\" aria-roledescription=\"slide\" aria-label=\"8 of 15\"><figure class=\"swiper-slide-inner\"><img decoding=\"async\" class=\"swiper-slide-image\" src=\"https:\/\/cortedelmincio.com\/wp-content\/uploads\/2023\/11\/parti-comuni-22.jpg\" alt=\"parti comuni (22)\" \/><\/figure><\/div><div class=\"swiper-slide\" role=\"group\" aria-roledescription=\"slide\" aria-label=\"9 of 15\"><figure class=\"swiper-slide-inner\"><img decoding=\"async\" class=\"swiper-slide-image\" src=\"https:\/\/cortedelmincio.com\/wp-content\/uploads\/2023\/11\/parti-comuni-23.jpg\" alt=\"parti comuni (23)\" \/><\/figure><\/div><div class=\"swiper-slide\" role=\"group\" aria-roledescription=\"slide\" aria-label=\"10 of 15\"><figure class=\"swiper-slide-inner\"><img decoding=\"async\" class=\"swiper-slide-image\" src=\"https:\/\/cortedelmincio.com\/wp-content\/uploads\/2023\/11\/parti-comuni-26.jpg\" alt=\"parti comuni (26)\" \/><\/figure><\/div><div class=\"swiper-slide\" role=\"group\" aria-roledescription=\"slide\" aria-label=\"11 of 15\"><figure class=\"swiper-slide-inner\"><img decoding=\"async\" class=\"swiper-slide-image\" src=\"https:\/\/cortedelmincio.com\/wp-content\/uploads\/2023\/11\/parti-comuni-41.jpg\" alt=\"parti comuni (41)\" \/><\/figure><\/div><div class=\"swiper-slide\" role=\"group\" aria-roledescription=\"slide\" aria-label=\"12 of 15\"><figure class=\"swiper-slide-inner\"><img decoding=\"async\" class=\"swiper-slide-image\" src=\"https:\/\/cortedelmincio.com\/wp-content\/uploads\/2023\/11\/parti-comuni-50.jpg\" alt=\"parti comuni (50)\" \/><\/figure><\/div><div class=\"swiper-slide\" role=\"group\" aria-roledescription=\"slide\" aria-label=\"13 of 15\"><figure class=\"swiper-slide-inner\"><img decoding=\"async\" class=\"swiper-slide-image\" src=\"https:\/\/cortedelmincio.com\/wp-content\/uploads\/2023\/11\/parti-comuni-57.jpg\" alt=\"parti comuni (57)\" \/><\/figure><\/div><div class=\"swiper-slide\" role=\"group\" aria-roledescription=\"slide\" aria-label=\"14 of 15\"><figure class=\"swiper-slide-inner\"><img decoding=\"async\" class=\"swiper-slide-image\" src=\"https:\/\/cortedelmincio.com\/wp-content\/uploads\/2023\/11\/parti-comuni-68.jpg\" alt=\"parti comuni (68)\" \/><\/figure><\/div><div class=\"swiper-slide\" role=\"group\" aria-roledescription=\"slide\" aria-label=\"15 of 15\"><figure class=\"swiper-slide-inner\"><img decoding=\"async\" class=\"swiper-slide-image\" src=\"https:\/\/cortedelmincio.com\/wp-content\/uploads\/2023\/11\/parti-comuni-79.jpg\" alt=\"parti comuni (79)\" \/><\/figure><\/div>\t\t\t<\/div>\n\t\t\t\t\t\t\t\n\t\t\t\t\t\t\t\t\t<div class=\"swiper-pagination\"><\/div>\n\t\t\t\t\t\t\t\t\t<\/div>\n\t\t\t\t<\/div>\n\t\t\t\t<\/div>\n\t\t\t\t\t<\/div>\n\t\t<\/div>\n\t\t\t\t\t<\/div>\n\t\t<\/section>\n\t\t\t\t<section class=\"elementor-section elementor-top-section elementor-element elementor-element-01a8644 elementor-section-boxed elementor-section-height-default elementor-section-height-default\" data-id=\"01a8644\" data-element_type=\"section\">\n\t\t\t\t\t\t<div class=\"elementor-container elementor-column-gap-default\">\n\t\t\t\t\t<div class=\"elementor-column elementor-col-100 elementor-top-column elementor-element elementor-element-d1f200a\" data-id=\"d1f200a\" data-element_type=\"column\">\n\t\t\t<div class=\"elementor-widget-wrap elementor-element-populated\">\n\t\t\t\t\t\t<div class=\"elementor-element elementor-element-cb421e3 elementor-widget elementor-widget-text-editor\" data-id=\"cb421e3\" data-element_type=\"widget\" data-widget_type=\"text-editor.default\">\n\t\t\t\t<div class=\"elementor-widget-container\">\n\t\t\t\t\t\t\t<p>\t\t<div id=\"sbi_mod_error\" >\n\t\t\t<span>This error message is only visible to WordPress admins<\/span><br\/>\n\t\t\t<p><strong>Error: No feed with the ID 3 found.<\/strong>\n\t\t\t<p>Please go to the Instagram Feed settings page to create a feed.<\/p>\n\t\t<\/div>\n\t\t<\/p>\t\t\t\t\t\t<\/div>\n\t\t\t\t<\/div>\n\t\t\t\t\t<\/div>\n\t\t<\/div>\n\t\t\t\t\t<\/div>\n\t\t<\/section>\n\t\t\t\t<section class=\"elementor-section elementor-top-section elementor-element elementor-element-8760c9e elementor-section-boxed elementor-section-height-default elementor-section-height-default\" data-id=\"8760c9e\" data-element_type=\"section\">\n\t\t\t\t\t\t<div class=\"elementor-container elementor-column-gap-default\">\n\t\t\t\t\t<div class=\"elementor-column elementor-col-100 elementor-top-column elementor-element elementor-element-3556e1f\" data-id=\"3556e1f\" data-element_type=\"column\">\n\t\t\t<div class=\"elementor-widget-wrap elementor-element-populated\">\n\t\t\t\t\t\t<div class=\"elementor-element elementor-element-cf1bed3 elementor-widget elementor-widget-text-editor\" data-id=\"cf1bed3\" data-element_type=\"widget\" data-widget_type=\"text-editor.default\">\n\t\t\t\t<div class=\"elementor-widget-container\">\n\t\t\t\t\t\t\t<h3 style=\"text-align: center;\"><strong>WHAT ARE YOU WAITING FOR ?<\/strong><\/h3><h3 style=\"text-align: center;\"><strong> BOOK NOW YOUR HOLIDAY AT <span style=\"color: #7f0833;\">B&amp;B CORTE DEL MINCIO<\/span><\/strong><\/h3>\t\t\t\t\t\t<\/div>\n\t\t\t\t<\/div>\n\t\t\t\t<section class=\"elementor-section elementor-inner-section elementor-element elementor-element-6f39e34 elementor-section-boxed elementor-section-height-default elementor-section-height-default\" data-id=\"6f39e34\" data-element_type=\"section\">\n\t\t\t\t\t\t<div class=\"elementor-container elementor-column-gap-default\">\n\t\t\t\t\t<div class=\"elementor-column elementor-col-50 elementor-inner-column elementor-element elementor-element-2e1abfd\" data-id=\"2e1abfd\" data-element_type=\"column\">\n\t\t\t<div class=\"elementor-widget-wrap elementor-element-populated\">\n\t\t\t\t\t\t<div class=\"elementor-element elementor-element-81dde28 elementor-button-success elementor-align-center elementor-widget elementor-widget-button\" data-id=\"81dde28\" data-element_type=\"widget\" data-widget_type=\"button.default\">\n\t\t\t\t<div class=\"elementor-widget-container\">\n\t\t\t\t\t<div class=\"elementor-button-wrapper\">\n\t\t\t<a class=\"elementor-button elementor-button-link elementor-size-lg\" href=\"https:\/\/my.xenion.it\/cortedelmincio\/paginaprenotazione?idstructure=1&#038;lang=en\" target=\"_blank\" rel=\"nofollow\">\n\t\t\t\t\t\t<span class=\"elementor-button-content-wrapper\">\n\t\t\t\t\t\t<span class=\"elementor-button-icon elementor-align-icon-left\">\n\t\t\t\t<i aria-hidden=\"true\" class=\"fas fa-bed\"><\/i>\t\t\t<\/span>\n\t\t\t\t\t\t<span class=\"elementor-button-text\">Book Now<\/span>\n\t\t<\/span>\n\t\t\t\t\t<\/a>\n\t\t<\/div>\n\t\t\t\t<\/div>\n\t\t\t\t<\/div>\n\t\t\t\t\t<\/div>\n\t\t<\/div>\n\t\t\t\t<div class=\"elementor-column elementor-col-50 elementor-inner-column elementor-element elementor-element-f1a3cd6\" data-id=\"f1a3cd6\" data-element_type=\"column\">\n\t\t\t<div class=\"elementor-widget-wrap elementor-element-populated\">\n\t\t\t\t\t\t<div class=\"elementor-element elementor-element-ed0d768 elementor-button-success elementor-align-center elementor-widget elementor-widget-button\" data-id=\"ed0d768\" data-element_type=\"widget\" data-widget_type=\"button.default\">\n\t\t\t\t<div class=\"elementor-widget-container\">\n\t\t\t\t\t<div class=\"elementor-button-wrapper\">\n\t\t\t<a class=\"elementor-button elementor-button-link elementor-size-lg\" href=\"https:\/\/cortedelmincio.com\/wp-content\/uploads\/2022\/06\/brochure-corte-del-mincio.pdf\" target=\"_blank\">\n\t\t\t\t\t\t<span class=\"elementor-button-content-wrapper\">\n\t\t\t\t\t\t<span class=\"elementor-button-icon elementor-align-icon-left\">\n\t\t\t\t<i aria-hidden=\"true\" class=\"far fa-file-pdf\"><\/i>\t\t\t<\/span>\n\t\t\t\t\t\t<span class=\"elementor-button-text\">Download our presentation<\/span>\n\t\t<\/span>\n\t\t\t\t\t<\/a>\n\t\t<\/div>\n\t\t\t\t<\/div>\n\t\t\t\t<\/div>\n\t\t\t\t\t<\/div>\n\t\t<\/div>\n\t\t\t\t\t<\/div>\n\t\t<\/section>\n\t\t\t\t\t<\/div>\n\t\t<\/div>\n\t\t\t\t\t<\/div>\n\t\t<\/section>\n\t\t\t\t<\/div>\n\t\t","protected":false},"excerpt":{"rendered":"<p>Common areas WHAT ARE YOU WAITING FOR ? BOOK NOW YOUR HOLIDAY AT B&amp;B CORTE DEL MINCIO Book Now Download our presentation<\/p>\n","protected":false},"author":10,"featured_media":3317,"parent":0,"menu_order":5,"comment_status":"closed","ping_status":"closed","template":"","meta":{"footnotes":""},"yoast_head":"<!-- This site is optimized with the Yoast SEO plugin v23.5 - https:\/\/yoast.com\/wordpress\/plugins\/seo\/ -->\n<title>Attivit\u00e0 Lago di Garda -Nelle vicinanze B&amp;B Corte del Mincio<\/title>\n<meta name=\"description\" content=\"Attivit\u00e0 Lago di Garda Nelle vicinanze di Corte del Mincio Monzambano. Corte del Mincio \u00e8 dislocata in un punto strategico tra i piu bei paesi del Garda.\" \/>\n<meta name=\"robots\" content=\"index, follow, max-snippet:-1, max-image-preview:large, max-video-preview:-1\" \/>\n<link rel=\"canonical\" href=\"https:\/\/cortedelmincio.com\/galleria-2\/\" \/>\n<meta property=\"og:locale\" content=\"en_US\" \/>\n<meta property=\"og:type\" content=\"article\" \/>\n<meta property=\"og:title\" content=\"Attivit\u00e0 Lago di Garda -Nelle vicinanze B&amp;B Corte del Mincio\" \/>\n<meta property=\"og:description\" content=\"Attivit\u00e0 Lago di Garda Nelle vicinanze di Corte del Mincio Monzambano. Corte del Mincio \u00e8 dislocata in un punto strategico tra i piu bei paesi del Garda.\" \/>\n<meta property=\"og:url\" content=\"https:\/\/cortedelmincio.com\/galleria-2\/\" \/>\n<meta property=\"og:site_name\" content=\"B&amp;B Monzambano - Corte del Mincio - LAGO DI GARDA\" \/>\n<meta property=\"article:modified_time\" content=\"2023-11-17T08:08:58+00:00\" \/>\n<meta property=\"og:image\" content=\"https:\/\/cortedelmincio.com\/wp-content\/uploads\/2018\/03\/658763_60_1522359205-1.jpg\" \/>\n\t<meta property=\"og:image:width\" content=\"1011\" \/>\n\t<meta property=\"og:image:height\" content=\"674\" \/>\n\t<meta property=\"og:image:type\" content=\"image\/jpeg\" \/>\n<meta name=\"twitter:card\" content=\"summary_large_image\" \/>\n<meta name=\"twitter:label1\" content=\"Est. reading time\" \/>\n\t<meta name=\"twitter:data1\" content=\"9 minutes\" \/>\n<script type=\"application\/ld+json\" class=\"yoast-schema-graph\">{\"@context\":\"https:\/\/schema.org\",\"@graph\":[{\"@type\":\"WebPage\",\"@id\":\"https:\/\/cortedelmincio.com\/galleria-2\/\",\"url\":\"https:\/\/cortedelmincio.com\/galleria-2\/\",\"name\":\"Attivit\u00e0 Lago di Garda -Nelle vicinanze B&B Corte del Mincio\",\"isPartOf\":{\"@id\":\"https:\/\/cortedelmincio.com\/#website\"},\"primaryImageOfPage\":{\"@id\":\"https:\/\/cortedelmincio.com\/galleria-2\/#primaryimage\"},\"image\":{\"@id\":\"https:\/\/cortedelmincio.com\/galleria-2\/#primaryimage\"},\"thumbnailUrl\":\"https:\/\/cortedelmincio.com\/wp-content\/uploads\/2018\/03\/658763_60_1522359205-1.jpg\",\"datePublished\":\"2021-01-04T09:35:26+00:00\",\"dateModified\":\"2023-11-17T08:08:58+00:00\",\"description\":\"Attivit\u00e0 Lago di Garda Nelle vicinanze di Corte del Mincio Monzambano. Corte del Mincio \u00e8 dislocata in un punto strategico tra i piu bei paesi del Garda.\",\"breadcrumb\":{\"@id\":\"https:\/\/cortedelmincio.com\/galleria-2\/#breadcrumb\"},\"inLanguage\":\"en-US\",\"potentialAction\":[{\"@type\":\"ReadAction\",\"target\":[\"https:\/\/cortedelmincio.com\/galleria-2\/\"]}]},{\"@type\":\"ImageObject\",\"inLanguage\":\"en-US\",\"@id\":\"https:\/\/cortedelmincio.com\/galleria-2\/#primaryimage\",\"url\":\"https:\/\/cortedelmincio.com\/wp-content\/uploads\/2018\/03\/658763_60_1522359205-1.jpg\",\"contentUrl\":\"https:\/\/cortedelmincio.com\/wp-content\/uploads\/2018\/03\/658763_60_1522359205-1.jpg\",\"width\":1011,\"height\":674,\"caption\":\"Sirmione\"},{\"@type\":\"BreadcrumbList\",\"@id\":\"https:\/\/cortedelmincio.com\/galleria-2\/#breadcrumb\",\"itemListElement\":[{\"@type\":\"ListItem\",\"position\":1,\"name\":\"Home\",\"item\":\"https:\/\/cortedelmincio.com\/en\/\"},{\"@type\":\"ListItem\",\"position\":2,\"name\":\"Gallery\"}]},{\"@type\":\"WebSite\",\"@id\":\"https:\/\/cortedelmincio.com\/#website\",\"url\":\"https:\/\/cortedelmincio.com\/\",\"name\":\"B&amp;B Monzambano - Corte del Mincio - LAGO DI GARDA\",\"description\":\"B&amp;B CORTE DEL MINCIO TRA LAGO E COLLINA -Sirmione-Peschiera-Monzambano-Borghetto sul Mincio-Castellaro\",\"publisher\":{\"@id\":\"https:\/\/cortedelmincio.com\/#organization\"},\"potentialAction\":[{\"@type\":\"SearchAction\",\"target\":{\"@type\":\"EntryPoint\",\"urlTemplate\":\"https:\/\/cortedelmincio.com\/?s={search_term_string}\"},\"query-input\":{\"@type\":\"PropertyValueSpecification\",\"valueRequired\":true,\"valueName\":\"search_term_string\"}}],\"inLanguage\":\"en-US\"},{\"@type\":\"Organization\",\"@id\":\"https:\/\/cortedelmincio.com\/#organization\",\"name\":\"Corte del Mincio B&B Monzambano\",\"url\":\"https:\/\/cortedelmincio.com\/\",\"logo\":{\"@type\":\"ImageObject\",\"inLanguage\":\"en-US\",\"@id\":\"https:\/\/cortedelmincio.com\/#\/schema\/logo\/image\/\",\"url\":\"https:\/\/cortedelmincio.com\/wp-content\/uploads\/2018\/02\/bolao-1.png\",\"contentUrl\":\"https:\/\/cortedelmincio.com\/wp-content\/uploads\/2018\/02\/bolao-1.png\",\"width\":3961,\"height\":3250,\"caption\":\"Corte del Mincio B&B Monzambano\"},\"image\":{\"@id\":\"https:\/\/cortedelmincio.com\/#\/schema\/logo\/image\/\"}}]}<\/script>\n<!-- \/ Yoast SEO plugin. -->","yoast_head_json":{"title":"Attivit\u00e0 Lago di Garda -Nelle vicinanze B&B Corte del Mincio","description":"Attivit\u00e0 Lago di Garda Nelle vicinanze di Corte del Mincio Monzambano. Corte del Mincio \u00e8 dislocata in un punto strategico tra i piu bei paesi del Garda.","robots":{"index":"index","follow":"follow","max-snippet":"max-snippet:-1","max-image-preview":"max-image-preview:large","max-video-preview":"max-video-preview:-1"},"canonical":"https:\/\/cortedelmincio.com\/galleria-2\/","og_locale":"en_US","og_type":"article","og_title":"Attivit\u00e0 Lago di Garda -Nelle vicinanze B&B Corte del Mincio","og_description":"Attivit\u00e0 Lago di Garda Nelle vicinanze di Corte del Mincio Monzambano. Corte del Mincio \u00e8 dislocata in un punto strategico tra i piu bei paesi del Garda.","og_url":"https:\/\/cortedelmincio.com\/galleria-2\/","og_site_name":"B&amp;B Monzambano - Corte del Mincio - LAGO DI GARDA","article_modified_time":"2023-11-17T08:08:58+00:00","og_image":[{"width":1011,"height":674,"url":"https:\/\/cortedelmincio.com\/wp-content\/uploads\/2018\/03\/658763_60_1522359205-1.jpg","type":"image\/jpeg"}],"twitter_card":"summary_large_image","twitter_misc":{"Est. reading time":"9 minutes"},"schema":{"@context":"https:\/\/schema.org","@graph":[{"@type":"WebPage","@id":"https:\/\/cortedelmincio.com\/galleria-2\/","url":"https:\/\/cortedelmincio.com\/galleria-2\/","name":"Attivit\u00e0 Lago di Garda -Nelle vicinanze B&B Corte del Mincio","isPartOf":{"@id":"https:\/\/cortedelmincio.com\/#website"},"primaryImageOfPage":{"@id":"https:\/\/cortedelmincio.com\/galleria-2\/#primaryimage"},"image":{"@id":"https:\/\/cortedelmincio.com\/galleria-2\/#primaryimage"},"thumbnailUrl":"https:\/\/cortedelmincio.com\/wp-content\/uploads\/2018\/03\/658763_60_1522359205-1.jpg","datePublished":"2021-01-04T09:35:26+00:00","dateModified":"2023-11-17T08:08:58+00:00","description":"Attivit\u00e0 Lago di Garda Nelle vicinanze di Corte del Mincio Monzambano. Corte del Mincio \u00e8 dislocata in un punto strategico tra i piu bei paesi del Garda.","breadcrumb":{"@id":"https:\/\/cortedelmincio.com\/galleria-2\/#breadcrumb"},"inLanguage":"en-US","potentialAction":[{"@type":"ReadAction","target":["https:\/\/cortedelmincio.com\/galleria-2\/"]}]},{"@type":"ImageObject","inLanguage":"en-US","@id":"https:\/\/cortedelmincio.com\/galleria-2\/#primaryimage","url":"https:\/\/cortedelmincio.com\/wp-content\/uploads\/2018\/03\/658763_60_1522359205-1.jpg","contentUrl":"https:\/\/cortedelmincio.com\/wp-content\/uploads\/2018\/03\/658763_60_1522359205-1.jpg","width":1011,"height":674,"caption":"Sirmione"},{"@type":"BreadcrumbList","@id":"https:\/\/cortedelmincio.com\/galleria-2\/#breadcrumb","itemListElement":[{"@type":"ListItem","position":1,"name":"Home","item":"https:\/\/cortedelmincio.com\/en\/"},{"@type":"ListItem","position":2,"name":"Gallery"}]},{"@type":"WebSite","@id":"https:\/\/cortedelmincio.com\/#website","url":"https:\/\/cortedelmincio.com\/","name":"B&amp;B Monzambano - Corte del Mincio - LAGO DI GARDA","description":"B&amp;B CORTE DEL MINCIO TRA LAGO E COLLINA -Sirmione-Peschiera-Monzambano-Borghetto sul Mincio-Castellaro","publisher":{"@id":"https:\/\/cortedelmincio.com\/#organization"},"potentialAction":[{"@type":"SearchAction","target":{"@type":"EntryPoint","urlTemplate":"https:\/\/cortedelmincio.com\/?s={search_term_string}"},"query-input":{"@type":"PropertyValueSpecification","valueRequired":true,"valueName":"search_term_string"}}],"inLanguage":"en-US"},{"@type":"Organization","@id":"https:\/\/cortedelmincio.com\/#organization","name":"Corte del Mincio B&B Monzambano","url":"https:\/\/cortedelmincio.com\/","logo":{"@type":"ImageObject","inLanguage":"en-US","@id":"https:\/\/cortedelmincio.com\/#\/schema\/logo\/image\/","url":"https:\/\/cortedelmincio.com\/wp-content\/uploads\/2018\/02\/bolao-1.png","contentUrl":"https:\/\/cortedelmincio.com\/wp-content\/uploads\/2018\/02\/bolao-1.png","width":3961,"height":3250,"caption":"Corte del Mincio B&B Monzambano"},"image":{"@id":"https:\/\/cortedelmincio.com\/#\/schema\/logo\/image\/"}}]}},"_links":{"self":[{"href":"https:\/\/cortedelmincio.com\/en\/wp-json\/wp\/v2\/pages\/3316"}],"collection":[{"href":"https:\/\/cortedelmincio.com\/en\/wp-json\/wp\/v2\/pages"}],"about":[{"href":"https:\/\/cortedelmincio.com\/en\/wp-json\/wp\/v2\/types\/page"}],"author":[{"embeddable":true,"href":"https:\/\/cortedelmincio.com\/en\/wp-json\/wp\/v2\/users\/10"}],"replies":[{"embeddable":true,"href":"https:\/\/cortedelmincio.com\/en\/wp-json\/wp\/v2\/comments?post=3316"}],"version-history":[{"count":28,"href":"https:\/\/cortedelmincio.com\/en\/wp-json\/wp\/v2\/pages\/3316\/revisions"}],"predecessor-version":[{"id":4933,"href":"https:\/\/cortedelmincio.com\/en\/wp-json\/wp\/v2\/pages\/3316\/revisions\/4933"}],"wp:featuredmedia":[{"embeddable":true,"href":"https:\/\/cortedelmincio.com\/en\/wp-json\/wp\/v2\/media\/3317"}],"wp:attachment":[{"href":"https:\/\/cortedelmincio.com\/en\/wp-json\/wp\/v2\/media?parent=3316"}],"curies":[{"name":"wp","href":"https:\/\/api.w.org\/{rel}","templated":true}]}}