{"id":3351,"date":"2021-01-05T09:55:00","date_gmt":"2021-01-05T08:55:00","guid":{"rendered":"https:\/\/cortedelmincio.com\/contatti\/"},"modified":"2024-08-21T12:22:30","modified_gmt":"2024-08-21T10:22:30","slug":"contacts","status":"publish","type":"page","link":"https:\/\/cortedelmincio.com\/en\/contacts\/","title":{"rendered":"Contacts"},"content":{"rendered":"\t\t<div data-elementor-type=\"wp-page\" data-elementor-id=\"3351\" class=\"elementor elementor-3351 elementor-3146\">\n\t\t\t\t\t\t<section class=\"elementor-section elementor-top-section elementor-element elementor-element-3abe1d47 elementor-section-full_width elementor-section-height-min-height elementor-section-stretched elementor-section-height-default elementor-section-items-middle\" data-id=\"3abe1d47\" data-element_type=\"section\" data-settings=\"{&quot;background_background&quot;:&quot;video&quot;,&quot;stretch_section&quot;:&quot;section-stretched&quot;,&quot;background_video_start&quot;:10}\">\n\t\t\t\t\t\t\t<div class=\"elementor-background-overlay\"><\/div>\n\t\t\t\t\t\t\t<div class=\"elementor-container elementor-column-gap-default\">\n\t\t\t\t\t<div class=\"elementor-column elementor-col-100 elementor-top-column elementor-element elementor-element-2a0df04\" data-id=\"2a0df04\" data-element_type=\"column\">\n\t\t\t<div class=\"elementor-widget-wrap\">\n\t\t\t\t\t\t\t<\/div>\n\t\t<\/div>\n\t\t\t\t\t<\/div>\n\t\t<\/section>\n\t\t\t\t<section class=\"elementor-section elementor-top-section elementor-element elementor-element-271846f elementor-section-boxed elementor-section-height-default elementor-section-height-default\" data-id=\"271846f\" data-element_type=\"section\" data-settings=\"{&quot;background_background&quot;:&quot;classic&quot;}\">\n\t\t\t\t\t\t<div class=\"elementor-container elementor-column-gap-default\">\n\t\t\t\t\t<div class=\"elementor-column elementor-col-100 elementor-top-column elementor-element elementor-element-4debf21\" data-id=\"4debf21\" data-element_type=\"column\">\n\t\t\t<div class=\"elementor-widget-wrap elementor-element-populated\">\n\t\t\t\t\t\t<div class=\"elementor-element elementor-element-bd0da9a elementor-widget elementor-widget-spacer\" data-id=\"bd0da9a\" data-element_type=\"widget\" data-widget_type=\"spacer.default\">\n\t\t\t\t<div class=\"elementor-widget-container\">\n\t\t\t\t\t<div class=\"elementor-spacer\">\n\t\t\t<div class=\"elementor-spacer-inner\"><\/div>\n\t\t<\/div>\n\t\t\t\t<\/div>\n\t\t\t\t<\/div>\n\t\t\t\t<div class=\"elementor-element elementor-element-a3160c5 elementor-widget elementor-widget-heading\" data-id=\"a3160c5\" data-element_type=\"widget\" data-widget_type=\"heading.default\">\n\t\t\t\t<div class=\"elementor-widget-container\">\n\t\t\t<h1 class=\"elementor-heading-title elementor-size-default\">Where to find us<\/h1>\t\t<\/div>\n\t\t\t\t<\/div>\n\t\t\t\t\t<\/div>\n\t\t<\/div>\n\t\t\t\t\t<\/div>\n\t\t<\/section>\n\t\t\t\t<section class=\"elementor-section elementor-top-section elementor-element elementor-element-0e98bbb elementor-section-boxed elementor-section-height-default elementor-section-height-default\" data-id=\"0e98bbb\" data-element_type=\"section\">\n\t\t\t\t\t\t<div class=\"elementor-container elementor-column-gap-default\">\n\t\t\t\t\t<div class=\"elementor-column elementor-col-100 elementor-top-column elementor-element elementor-element-4126597\" data-id=\"4126597\" data-element_type=\"column\">\n\t\t\t<div class=\"elementor-widget-wrap elementor-element-populated\">\n\t\t\t\t\t\t<div class=\"elementor-element elementor-element-5c292ce elementor-widget elementor-widget-image\" data-id=\"5c292ce\" data-element_type=\"widget\" data-widget_type=\"image.default\">\n\t\t\t\t<div class=\"elementor-widget-container\">\n\t\t\t\t\t\t\t\t\t\t\t\t\t<img decoding=\"async\" src=\"https:\/\/cortedelmincio.com\/wp-content\/uploads\/elementor\/thumbs\/bolao-1-p0j31ox35jt3uy775xzsjm63rbub7ziqv0612alnps.png\" title=\"Corte del mincio\" alt=\"Corte del mincio\" loading=\"lazy\" \/>\t\t\t\t\t\t\t\t\t\t\t\t\t<\/div>\n\t\t\t\t<\/div>\n\t\t\t\t<div class=\"elementor-element elementor-element-dce2516 elementor-widget elementor-widget-text-editor\" data-id=\"dce2516\" data-element_type=\"widget\" data-widget_type=\"text-editor.default\">\n\t\t\t\t<div class=\"elementor-widget-container\">\n\t\t\t\t\t\t\t<p style=\"text-align: center;\"><span class=\"footer_copy\">Via Roma, <\/span><span class=\"footer_copy\">3<\/span><\/p><p style=\"text-align: center;\">CAP 46060 &#8211; Monzambano (MN)<br \/><br \/><\/p><p style=\"text-align: center;\"><span class=\"footer_copy\">Tel: <a href=\"tel:+390376809602\">+39 0376\/809602 <\/a><\/span><\/p><p style=\"text-align: center;\"><span class=\"footer_copy\">Email: <a href=\"mailto:info@cortedelmincio.com\">info@cortedelmincio.com<\/a><\/span><\/p>\t\t\t\t\t\t<\/div>\n\t\t\t\t<\/div>\n\t\t\t\t\t<\/div>\n\t\t<\/div>\n\t\t\t\t\t<\/div>\n\t\t<\/section>\n\t\t\t\t<section class=\"elementor-section elementor-top-section elementor-element elementor-element-387b8fd elementor-section-boxed elementor-section-height-default elementor-section-height-default\" data-id=\"387b8fd\" data-element_type=\"section\">\n\t\t\t\t\t\t<div class=\"elementor-container elementor-column-gap-default\">\n\t\t\t\t\t<div class=\"elementor-column elementor-col-100 elementor-top-column elementor-element elementor-element-8aaa173\" data-id=\"8aaa173\" data-element_type=\"column\">\n\t\t\t<div class=\"elementor-widget-wrap elementor-element-populated\">\n\t\t\t\t\t\t<div class=\"elementor-element elementor-element-455f02a elementor-widget elementor-widget-google_maps\" data-id=\"455f02a\" data-element_type=\"widget\" data-widget_type=\"google_maps.default\">\n\t\t\t\t<div class=\"elementor-widget-container\">\n\t\t\t\t\t<div class=\"elementor-custom-embed\">\n\t\t\t<iframe loading=\"lazy\"\n\t\t\t\t\tsrc=\"https:\/\/maps.google.com\/maps?q=corte%20del%20mincio&#038;t=m&#038;z=10&#038;output=embed&#038;iwloc=near\"\n\t\t\t\t\ttitle=\"corte del mincio\"\n\t\t\t\t\taria-label=\"corte del mincio\"\n\t\t\t><\/iframe>\n\t\t<\/div>\n\t\t\t\t<\/div>\n\t\t\t\t<\/div>\n\t\t\t\t\t<\/div>\n\t\t<\/div>\n\t\t\t\t\t<\/div>\n\t\t<\/section>\n\t\t\t\t<section class=\"elementor-section elementor-top-section elementor-element elementor-element-8373a56 elementor-section-boxed elementor-section-height-default elementor-section-height-default\" data-id=\"8373a56\" data-element_type=\"section\">\n\t\t\t\t\t\t<div class=\"elementor-container elementor-column-gap-default\">\n\t\t\t\t\t<div class=\"elementor-column elementor-col-100 elementor-top-column elementor-element elementor-element-108d32d\" data-id=\"108d32d\" data-element_type=\"column\">\n\t\t\t<div class=\"elementor-widget-wrap elementor-element-populated\">\n\t\t\t\t\t\t<div class=\"elementor-element elementor-element-5fcde67 elementor-widget elementor-widget-image\" data-id=\"5fcde67\" data-element_type=\"widget\" data-widget_type=\"image.default\">\n\t\t\t\t<div class=\"elementor-widget-container\">\n\t\t\t\t\t\t\t\t\t\t\t\t\t<img decoding=\"async\" width=\"969\" height=\"44\" src=\"https:\/\/cortedelmincio.com\/wp-content\/uploads\/2023\/11\/SEPARATORE.png\" class=\"attachment-large size-large wp-image-4781\" alt=\"\" srcset=\"https:\/\/cortedelmincio.com\/wp-content\/uploads\/2023\/11\/SEPARATORE.png 969w, https:\/\/cortedelmincio.com\/wp-content\/uploads\/2023\/11\/SEPARATORE-300x14.png 300w, https:\/\/cortedelmincio.com\/wp-content\/uploads\/2023\/11\/SEPARATORE-768x35.png 768w, https:\/\/cortedelmincio.com\/wp-content\/uploads\/2023\/11\/SEPARATORE-394x18.png 394w, https:\/\/cortedelmincio.com\/wp-content\/uploads\/2023\/11\/SEPARATORE-915x42.png 915w\" sizes=\"(max-width: 969px) 100vw, 969px\" \/>\t\t\t\t\t\t\t\t\t\t\t\t\t<\/div>\n\t\t\t\t<\/div>\n\t\t\t\t\t<\/div>\n\t\t<\/div>\n\t\t\t\t\t<\/div>\n\t\t<\/section>\n\t\t\t\t<section class=\"elementor-section elementor-top-section elementor-element elementor-element-8760c9e elementor-section-boxed elementor-section-height-default elementor-section-height-default\" data-id=\"8760c9e\" data-element_type=\"section\">\n\t\t\t\t\t\t<div class=\"elementor-container elementor-column-gap-default\">\n\t\t\t\t\t<div class=\"elementor-column elementor-col-100 elementor-top-column elementor-element elementor-element-3556e1f\" data-id=\"3556e1f\" data-element_type=\"column\">\n\t\t\t<div class=\"elementor-widget-wrap elementor-element-populated\">\n\t\t\t\t\t\t<div class=\"elementor-element elementor-element-cf1bed3 elementor-widget elementor-widget-text-editor\" data-id=\"cf1bed3\" data-element_type=\"widget\" data-widget_type=\"text-editor.default\">\n\t\t\t\t<div class=\"elementor-widget-container\">\n\t\t\t\t\t\t\t<h3 style=\"text-align: center;\"><strong>WHAT ARE YOU WAITING FOR ?<\/strong><\/h3><h3 style=\"text-align: center;\"><strong> BOOK NOW YOUR HOLIDAY AT <span style=\"color: #7f0833;\">B&amp;B CORTE DEL MINCIO<\/span><\/strong><\/h3>\t\t\t\t\t\t<\/div>\n\t\t\t\t<\/div>\n\t\t\t\t<div class=\"elementor-element elementor-element-81dde28 elementor-button-success elementor-align-center elementor-widget elementor-widget-button\" data-id=\"81dde28\" data-element_type=\"widget\" data-widget_type=\"button.default\">\n\t\t\t\t<div class=\"elementor-widget-container\">\n\t\t\t\t\t<div class=\"elementor-button-wrapper\">\n\t\t\t<a class=\"elementor-button elementor-button-link elementor-size-lg\" href=\"\">\n\t\t\t\t\t\t<span class=\"elementor-button-content-wrapper\">\n\t\t\t\t\t\t<span class=\"elementor-button-icon elementor-align-icon-left\">\n\t\t\t\t<i aria-hidden=\"true\" class=\"fas fa-bed\"><\/i>\t\t\t<\/span>\n\t\t\t\t\t\t<span class=\"elementor-button-text\">Book Now<\/span>\n\t\t<\/span>\n\t\t\t\t\t<\/a>\n\t\t<\/div>\n\t\t\t\t<\/div>\n\t\t\t\t<\/div>\n\t\t\t\t\t<\/div>\n\t\t<\/div>\n\t\t\t\t\t<\/div>\n\t\t<\/section>\n\t\t\t\t<\/div>\n\t\t","protected":false},"excerpt":{"rendered":"<p>Where to find us Via Roma, 3 CAP 46060 &#8211; Monzambano (MN) Tel: +39 0376\/809602 Email: info@cortedelmincio.com WHAT ARE YOU WAITING FOR ? BOOK NOW YOUR HOLIDAY AT B&amp;B CORTE DEL MINCIO Book Now<\/p>\n","protected":false},"author":10,"featured_media":3317,"parent":0,"menu_order":5,"comment_status":"closed","ping_status":"closed","template":"","meta":{"footnotes":""},"yoast_head":"<!-- This site is optimized with the Yoast SEO plugin v23.5 - https:\/\/yoast.com\/wordpress\/plugins\/seo\/ -->\n<title>Attivit\u00e0 Lago di Garda -Nelle vicinanze B&amp;B Corte del Mincio<\/title>\n<meta name=\"description\" content=\"Attivit\u00e0 Lago di Garda Nelle vicinanze di Corte del Mincio Monzambano. Corte del Mincio \u00e8 dislocata in un punto strategico tra i piu bei paesi del Garda.\" \/>\n<meta name=\"robots\" content=\"index, follow, max-snippet:-1, max-image-preview:large, max-video-preview:-1\" \/>\n<link rel=\"canonical\" href=\"https:\/\/cortedelmincio.com\/contatti\/\" \/>\n<meta property=\"og:locale\" content=\"en_US\" \/>\n<meta property=\"og:type\" content=\"article\" \/>\n<meta property=\"og:title\" content=\"Attivit\u00e0 Lago di Garda -Nelle vicinanze B&amp;B Corte del Mincio\" \/>\n<meta property=\"og:description\" content=\"Attivit\u00e0 Lago di Garda Nelle vicinanze di Corte del Mincio Monzambano. Corte del Mincio \u00e8 dislocata in un punto strategico tra i piu bei paesi del Garda.\" \/>\n<meta property=\"og:url\" content=\"https:\/\/cortedelmincio.com\/contatti\/\" \/>\n<meta property=\"og:site_name\" content=\"B&amp;B Monzambano - Corte del Mincio - LAGO DI GARDA\" \/>\n<meta property=\"article:modified_time\" content=\"2024-08-21T10:22:30+00:00\" \/>\n<meta property=\"og:image\" content=\"https:\/\/cortedelmincio.com\/wp-content\/uploads\/2018\/03\/658763_60_1522359205-1.jpg\" \/>\n\t<meta property=\"og:image:width\" content=\"1011\" \/>\n\t<meta property=\"og:image:height\" content=\"674\" \/>\n\t<meta property=\"og:image:type\" content=\"image\/jpeg\" \/>\n<meta name=\"twitter:card\" content=\"summary_large_image\" \/>\n<meta name=\"twitter:label1\" content=\"Est. reading time\" \/>\n\t<meta name=\"twitter:data1\" content=\"1 minute\" \/>\n<script type=\"application\/ld+json\" class=\"yoast-schema-graph\">{\"@context\":\"https:\/\/schema.org\",\"@graph\":[{\"@type\":\"WebPage\",\"@id\":\"https:\/\/cortedelmincio.com\/contatti\/\",\"url\":\"https:\/\/cortedelmincio.com\/contatti\/\",\"name\":\"Attivit\u00e0 Lago di Garda -Nelle vicinanze B&B Corte del Mincio\",\"isPartOf\":{\"@id\":\"https:\/\/cortedelmincio.com\/#website\"},\"primaryImageOfPage\":{\"@id\":\"https:\/\/cortedelmincio.com\/contatti\/#primaryimage\"},\"image\":{\"@id\":\"https:\/\/cortedelmincio.com\/contatti\/#primaryimage\"},\"thumbnailUrl\":\"https:\/\/cortedelmincio.com\/wp-content\/uploads\/2018\/03\/658763_60_1522359205-1.jpg\",\"datePublished\":\"2021-01-05T08:55:00+00:00\",\"dateModified\":\"2024-08-21T10:22:30+00:00\",\"description\":\"Attivit\u00e0 Lago di Garda Nelle vicinanze di Corte del Mincio Monzambano. Corte del Mincio \u00e8 dislocata in un punto strategico tra i piu bei paesi del Garda.\",\"breadcrumb\":{\"@id\":\"https:\/\/cortedelmincio.com\/contatti\/#breadcrumb\"},\"inLanguage\":\"en-US\",\"potentialAction\":[{\"@type\":\"ReadAction\",\"target\":[\"https:\/\/cortedelmincio.com\/contatti\/\"]}]},{\"@type\":\"ImageObject\",\"inLanguage\":\"en-US\",\"@id\":\"https:\/\/cortedelmincio.com\/contatti\/#primaryimage\",\"url\":\"https:\/\/cortedelmincio.com\/wp-content\/uploads\/2018\/03\/658763_60_1522359205-1.jpg\",\"contentUrl\":\"https:\/\/cortedelmincio.com\/wp-content\/uploads\/2018\/03\/658763_60_1522359205-1.jpg\",\"width\":1011,\"height\":674,\"caption\":\"Sirmione\"},{\"@type\":\"BreadcrumbList\",\"@id\":\"https:\/\/cortedelmincio.com\/contatti\/#breadcrumb\",\"itemListElement\":[{\"@type\":\"ListItem\",\"position\":1,\"name\":\"Home\",\"item\":\"https:\/\/cortedelmincio.com\/en\/\"},{\"@type\":\"ListItem\",\"position\":2,\"name\":\"Contacts\"}]},{\"@type\":\"WebSite\",\"@id\":\"https:\/\/cortedelmincio.com\/#website\",\"url\":\"https:\/\/cortedelmincio.com\/\",\"name\":\"B&amp;B Monzambano - Corte del Mincio - LAGO DI GARDA\",\"description\":\"B&amp;B CORTE DEL MINCIO TRA LAGO E COLLINA -Sirmione-Peschiera-Monzambano-Borghetto sul Mincio-Castellaro\",\"publisher\":{\"@id\":\"https:\/\/cortedelmincio.com\/#organization\"},\"potentialAction\":[{\"@type\":\"SearchAction\",\"target\":{\"@type\":\"EntryPoint\",\"urlTemplate\":\"https:\/\/cortedelmincio.com\/?s={search_term_string}\"},\"query-input\":{\"@type\":\"PropertyValueSpecification\",\"valueRequired\":true,\"valueName\":\"search_term_string\"}}],\"inLanguage\":\"en-US\"},{\"@type\":\"Organization\",\"@id\":\"https:\/\/cortedelmincio.com\/#organization\",\"name\":\"Corte del Mincio B&B Monzambano\",\"url\":\"https:\/\/cortedelmincio.com\/\",\"logo\":{\"@type\":\"ImageObject\",\"inLanguage\":\"en-US\",\"@id\":\"https:\/\/cortedelmincio.com\/#\/schema\/logo\/image\/\",\"url\":\"https:\/\/cortedelmincio.com\/wp-content\/uploads\/2018\/02\/bolao-1.png\",\"contentUrl\":\"https:\/\/cortedelmincio.com\/wp-content\/uploads\/2018\/02\/bolao-1.png\",\"width\":3961,\"height\":3250,\"caption\":\"Corte del Mincio B&B Monzambano\"},\"image\":{\"@id\":\"https:\/\/cortedelmincio.com\/#\/schema\/logo\/image\/\"}}]}<\/script>\n<!-- \/ Yoast SEO plugin. -->","yoast_head_json":{"title":"Attivit\u00e0 Lago di Garda -Nelle vicinanze B&B Corte del Mincio","description":"Attivit\u00e0 Lago di Garda Nelle vicinanze di Corte del Mincio Monzambano. Corte del Mincio \u00e8 dislocata in un punto strategico tra i piu bei paesi del Garda.","robots":{"index":"index","follow":"follow","max-snippet":"max-snippet:-1","max-image-preview":"max-image-preview:large","max-video-preview":"max-video-preview:-1"},"canonical":"https:\/\/cortedelmincio.com\/contatti\/","og_locale":"en_US","og_type":"article","og_title":"Attivit\u00e0 Lago di Garda -Nelle vicinanze B&B Corte del Mincio","og_description":"Attivit\u00e0 Lago di Garda Nelle vicinanze di Corte del Mincio Monzambano. Corte del Mincio \u00e8 dislocata in un punto strategico tra i piu bei paesi del Garda.","og_url":"https:\/\/cortedelmincio.com\/contatti\/","og_site_name":"B&amp;B Monzambano - Corte del Mincio - LAGO DI GARDA","article_modified_time":"2024-08-21T10:22:30+00:00","og_image":[{"width":1011,"height":674,"url":"https:\/\/cortedelmincio.com\/wp-content\/uploads\/2018\/03\/658763_60_1522359205-1.jpg","type":"image\/jpeg"}],"twitter_card":"summary_large_image","twitter_misc":{"Est. reading time":"1 minute"},"schema":{"@context":"https:\/\/schema.org","@graph":[{"@type":"WebPage","@id":"https:\/\/cortedelmincio.com\/contatti\/","url":"https:\/\/cortedelmincio.com\/contatti\/","name":"Attivit\u00e0 Lago di Garda -Nelle vicinanze B&B Corte del Mincio","isPartOf":{"@id":"https:\/\/cortedelmincio.com\/#website"},"primaryImageOfPage":{"@id":"https:\/\/cortedelmincio.com\/contatti\/#primaryimage"},"image":{"@id":"https:\/\/cortedelmincio.com\/contatti\/#primaryimage"},"thumbnailUrl":"https:\/\/cortedelmincio.com\/wp-content\/uploads\/2018\/03\/658763_60_1522359205-1.jpg","datePublished":"2021-01-05T08:55:00+00:00","dateModified":"2024-08-21T10:22:30+00:00","description":"Attivit\u00e0 Lago di Garda Nelle vicinanze di Corte del Mincio Monzambano. Corte del Mincio \u00e8 dislocata in un punto strategico tra i piu bei paesi del Garda.","breadcrumb":{"@id":"https:\/\/cortedelmincio.com\/contatti\/#breadcrumb"},"inLanguage":"en-US","potentialAction":[{"@type":"ReadAction","target":["https:\/\/cortedelmincio.com\/contatti\/"]}]},{"@type":"ImageObject","inLanguage":"en-US","@id":"https:\/\/cortedelmincio.com\/contatti\/#primaryimage","url":"https:\/\/cortedelmincio.com\/wp-content\/uploads\/2018\/03\/658763_60_1522359205-1.jpg","contentUrl":"https:\/\/cortedelmincio.com\/wp-content\/uploads\/2018\/03\/658763_60_1522359205-1.jpg","width":1011,"height":674,"caption":"Sirmione"},{"@type":"BreadcrumbList","@id":"https:\/\/cortedelmincio.com\/contatti\/#breadcrumb","itemListElement":[{"@type":"ListItem","position":1,"name":"Home","item":"https:\/\/cortedelmincio.com\/en\/"},{"@type":"ListItem","position":2,"name":"Contacts"}]},{"@type":"WebSite","@id":"https:\/\/cortedelmincio.com\/#website","url":"https:\/\/cortedelmincio.com\/","name":"B&amp;B Monzambano - Corte del Mincio - LAGO DI GARDA","description":"B&amp;B CORTE DEL MINCIO TRA LAGO E COLLINA -Sirmione-Peschiera-Monzambano-Borghetto sul Mincio-Castellaro","publisher":{"@id":"https:\/\/cortedelmincio.com\/#organization"},"potentialAction":[{"@type":"SearchAction","target":{"@type":"EntryPoint","urlTemplate":"https:\/\/cortedelmincio.com\/?s={search_term_string}"},"query-input":{"@type":"PropertyValueSpecification","valueRequired":true,"valueName":"search_term_string"}}],"inLanguage":"en-US"},{"@type":"Organization","@id":"https:\/\/cortedelmincio.com\/#organization","name":"Corte del Mincio B&B Monzambano","url":"https:\/\/cortedelmincio.com\/","logo":{"@type":"ImageObject","inLanguage":"en-US","@id":"https:\/\/cortedelmincio.com\/#\/schema\/logo\/image\/","url":"https:\/\/cortedelmincio.com\/wp-content\/uploads\/2018\/02\/bolao-1.png","contentUrl":"https:\/\/cortedelmincio.com\/wp-content\/uploads\/2018\/02\/bolao-1.png","width":3961,"height":3250,"caption":"Corte del Mincio B&B Monzambano"},"image":{"@id":"https:\/\/cortedelmincio.com\/#\/schema\/logo\/image\/"}}]}},"_links":{"self":[{"href":"https:\/\/cortedelmincio.com\/en\/wp-json\/wp\/v2\/pages\/3351"}],"collection":[{"href":"https:\/\/cortedelmincio.com\/en\/wp-json\/wp\/v2\/pages"}],"about":[{"href":"https:\/\/cortedelmincio.com\/en\/wp-json\/wp\/v2\/types\/page"}],"author":[{"embeddable":true,"href":"https:\/\/cortedelmincio.com\/en\/wp-json\/wp\/v2\/users\/10"}],"replies":[{"embeddable":true,"href":"https:\/\/cortedelmincio.com\/en\/wp-json\/wp\/v2\/comments?post=3351"}],"version-history":[{"count":13,"href":"https:\/\/cortedelmincio.com\/en\/wp-json\/wp\/v2\/pages\/3351\/revisions"}],"predecessor-version":[{"id":5232,"href":"https:\/\/cortedelmincio.com\/en\/wp-json\/wp\/v2\/pages\/3351\/revisions\/5232"}],"wp:featuredmedia":[{"embeddable":true,"href":"https:\/\/cortedelmincio.com\/en\/wp-json\/wp\/v2\/media\/3317"}],"wp:attachment":[{"href":"https:\/\/cortedelmincio.com\/en\/wp-json\/wp\/v2\/media?parent=3351"}],"curies":[{"name":"wp","href":"https:\/\/api.w.org\/{rel}","templated":true}]}}